{"id":498,"date":"2026-01-01T19:54:15","date_gmt":"2026-01-01T17:54:15","guid":{"rendered":"https:\/\/shop.konatech.fi\/?page_id=498"},"modified":"2026-02-20T19:05:25","modified_gmt":"2026-02-20T17:05:25","slug":"paikalliset-palvelinratkaisut","status":"publish","type":"page","link":"https:\/\/shop.konatech.fi\/index.php\/paikalliset-palvelinratkaisut\/","title":{"rendered":"Paikalliset palvelinratkaisut"},"content":{"rendered":"\n<h2 class=\"wp-block-heading\">Vaihtoehto pilvipalveluille<\/h2>\n\n\n\n<p><strong>Tarjoamme tilauksesta kasattavia palvelinratkaisuja ohjelmistoineen pk-yrityksille, jotka haluavat hallita tietonsa omassa ymp\u00e4rist\u00f6ss\u00e4\u00e4n.<\/strong><\/p>\n\n\n\n<p><strong>Tuntuuko silt\u00e4, ett\u00e4 nykyinen webhotelli rajoittaa toimintaa?<\/strong><br>Hitaat vasteajat, jaettu kuorma ja rajallinen hallinta ovat yleisi\u00e4 ongelmia. Paikallinen palvelinratkaisu voi olla vaihtoehto, kun halutaan parempaa suorituskyky\u00e4 ja luotettavuutta.<\/p>\n\n\n\n<p><strong>Webhotellit sitovat usein vuosisopimuksiin ja lisenssimaksuihin.<\/strong><br>Paikallinen palvelinratkaisu antaa mahdollisuuden hallita kustannuksia ja ymp\u00e4rist\u00f6\u00e4 itse.<\/p>\n\n\n\n<figure class=\"wp-block-image alignright size-large is-resized\"><img loading=\"lazy\" decoding=\"async\" width=\"1024\" height=\"683\" src=\"http:\/\/shop.konatech.fi\/wp-content\/uploads\/2026\/01\/palvelinkone-1024x683.png\" alt=\"\" class=\"wp-image-501\" style=\"width:576px;height:auto\" srcset=\"https:\/\/shop.konatech.fi\/wp-content\/uploads\/2026\/01\/palvelinkone-1024x683.png 1024w, https:\/\/shop.konatech.fi\/wp-content\/uploads\/2026\/01\/palvelinkone-300x200.png 300w, https:\/\/shop.konatech.fi\/wp-content\/uploads\/2026\/01\/palvelinkone-768x512.png 768w, https:\/\/shop.konatech.fi\/wp-content\/uploads\/2026\/01\/palvelinkone-600x400.png 600w, https:\/\/shop.konatech.fi\/wp-content\/uploads\/2026\/01\/palvelinkone.png 1536w\" sizes=\"auto, (max-width: 1024px) 100vw, 1024px\" \/><\/figure>\n\n\n\n<p>Ratkaisumme soveltuvat erityisesti tilanteisiin, joissa pilvipalvelu ei ole paras tai halutuin vaihtoehto. Oma palvelin sopii ymp\u00e4rist\u00f6ihin, joissa arvostetaan paikallista hallintaa, tietoturvaa ja pieni\u00e4 latenssiaikoja. <\/p>\n\n\n\n<p>Jokainen palvelinratkaisu suunnitellaan asiakkaan tarpeiden mukaan ja kasataan tilauksesta. Toimitus sis\u00e4lt\u00e4\u00e4 valmiiksi asennetun ja testatun ohjelmistokokonaisuuden.  Tarvittaessa voidaan sopia my\u00f6s paikan p\u00e4\u00e4ll\u00e4 teht\u00e4v\u00e4st\u00e4 asennuksesta ja k\u00e4ytt\u00f6\u00f6notosta. Kyseess\u00e4 ei ole hyllytuote, vaan r\u00e4\u00e4t\u00e4l\u00f6ity kokonaisuus, josta sovitaan aina erikseen.<\/p>\n\n\n\n<p>Ratkaisuista on saatavilla my\u00f6s ECC-muistilla varustettu vaihtoehto, kun vaaditaan parempaa luotettavuutta ja toimintavarmuutta. Tarvittaessa voimme toteuttaa my\u00f6s asennuksen ja k\u00e4ytt\u00f6\u00f6noton asiakkaan tiloissa erikseen sovittuna palveluna.<\/p>\n\n\n\n<p>Palvelinratkaisut toimitetaan ensisijaisesti Linux-pohjaisella k\u00e4ytt\u00f6j\u00e4rjestelm\u00e4ll\u00e4. Muista k\u00e4ytt\u00f6j\u00e4rjestelm\u00e4ratkaisuista voidaan tarvittaessa sopia erikseen.<\/p>\n\n\n\n<h2 class=\"wp-block-heading\">Mit\u00e4 muuta tarvitset palvelinratkaisun k\u00e4ytt\u00f6\u00f6n<\/h2>\n\n\n\n<p>Palvelinratkaisun sujuva ja turvallinen k\u00e4ytt\u00f6 edellytt\u00e4\u00e4 joitakin perusedellytyksi\u00e4 asiakkaan omassa toimintaymp\u00e4rist\u00f6ss\u00e4. N\u00e4m\u00e4 eiv\u00e4t sis\u00e4lly varsinaiseen palvelinratkaisuun, mutta ne on hyv\u00e4 huomioida kokonaisuutta suunniteltaessa.<\/p>\n\n\n\n<p>Tyypillisesti tarvitaan:<\/p>\n\n\n\n<ul class=\"wp-block-list\">\n<li><strong>Luotettava internetyhteys<\/strong><br>Riitt\u00e4v\u00e4 ja vakaa verkkoyhteys on edellytys et\u00e4hallinnalle, p\u00e4ivityksille ja sujuvalle asiakask\u00e4yt\u00f6lle.<\/li>\n\n\n\n<li><strong>Kiinte\u00e4 IP-osoite<\/strong><br>Palvelinratkaisun toiminta edellytt\u00e4\u00e4 kiinte\u00e4\u00e4 IP-osoitetta. Kiinte\u00e4 IP on v\u00e4ltt\u00e4m\u00e4t\u00f6n et\u00e4hallinnan, palveluiden saavutettavuuden ja tietoturvan toteuttamiseksi.<\/li>\n\n\n\n<li><strong>SSL-sertifikaatti<\/strong><br>Hallintapaneelin ja palveluiden suojaamiseen<\/li>\n\n\n\n<li><strong>Domain tai alidomain<\/strong><br>Edellytys palvelimen k\u00e4ytt\u00f6\u00f6notolle ja SSL-suojatun hallintapaneelin toiminnalle.<\/li>\n\n\n\n<li><strong>Varavirtaratkaisu (UPS \/ akusto)<\/strong><br>Suojaa palvelinta s\u00e4hk\u00f6katkoilta ja hallitsemattomilta sammumisilta. Varavirtaratkaisu v\u00e4hent\u00e4\u00e4 laiterikon ja tietojen menetyksen riski\u00e4.<\/li>\n\n\n\n<li><strong>Sopiva sijoituspaikka<\/strong><br>Palvelin tulee sijoittaa normaaliin ja siistiin sis\u00e4tilaan, kuten toimistotilaan, jossa on sopivan l\u00e4mmint\u00e4 ja kuivaa.<\/li>\n<\/ul>\n\n\n\n<p> Konatech Oy voi asiakkaan pyynn\u00f6st\u00e4 auttaa sopivien vaihtoehtojen kartoittamisessa ja suositusten antamisessa. Mahdolliset selvitykset ja lis\u00e4ty\u00f6t sovitaan erikseen.<\/p>\n\n\n\n<h2 class=\"wp-block-heading\">Hinnoittelu<\/h2>\n\n\n\n<p>Palvelinratkaisut toimitetaan tilaustuotteina asiakkaan tarpeiden mukaan.<\/p>\n\n\n\n<p><strong>Tyypillinen kokonaishinta yhdelle palvelinkoneelle:<\/strong><br><strong>2 000 \u2013 5 000 \u20ac<\/strong> (sis. alv 25,50 %)<\/p>\n\n\n\n<p><strong>Tyypillinen kokoonpano sis\u00e4lt\u00e4\u00e4 esimerkiksi:<\/strong><\/p>\n\n\n\n<ul class=\"wp-block-list\">\n<li><strong>Prosessori<\/strong><br>Moniytiminen yritysk\u00e4ytt\u00f6\u00f6n soveltuva prosessori (esim. AMD Ryzen \/ Intel Core \/ Xeon -luokka)<\/li>\n\n\n\n<li><strong>Muisti<\/strong><br>16\u201364 Gt RAM<br>(tarvittaessa ECC-muisti luotettavampaan k\u00e4ytt\u00f6\u00f6n)<\/li>\n\n\n\n<li><strong>Tallennus<\/strong><br>SSD levytila 500 Gt \u2013 2 Tt, RAID-ratkaisu mahdollinen)<\/li>\n\n\n\n<li><strong>Kotelo ja virransy\u00f6tt\u00f6<\/strong><br>ATX tai micro-ATX -kokoluokan kotelo<br>Laadukas ja riitt\u00e4v\u00e4sti mitoitettu virtal\u00e4hde<\/li>\n\n\n\n<li><strong>Verkkoyhteydet<\/strong><br>Gigabit Ethernet (laajennettavissa tarpeen mukaan)<\/li>\n\n\n\n<li><strong>K\u00e4ytt\u00f6j\u00e4rjestelm\u00e4<\/strong><br>Linux-pohjainen palvelink\u00e4ytt\u00f6\u00f6n tarkoitettu k\u00e4ytt\u00f6j\u00e4rjestelm\u00e4<\/li>\n\n\n\n<li><strong>Et\u00e4hallinta ja peruskovennus<\/strong><br>Turvallinen et\u00e4hallinta, peruspalomuurit ja k\u00e4ytt\u00f6oikeusrajaukset<\/li>\n<\/ul>\n\n\n\n<p>Hinta sis\u00e4lt\u00e4\u00e4:<\/p>\n\n\n\n<ul class=\"wp-block-list\">\n<li>palvelinkoneen laitteiston<\/li>\n\n\n\n<li>palvelimen kasaamisen ja testauksen<\/li>\n\n\n\n<li>k\u00e4ytt\u00f6j\u00e4rjestelm\u00e4n ja ohjelmistokokonaisuuden asennuksen<\/li>\n\n\n\n<li>peruskonfiguroinnin ja toimivuuden varmistuksen<\/li>\n<\/ul>\n\n\n\n<p>Hinta ei sis\u00e4ll\u00e4 paikan p\u00e4\u00e4ll\u00e4 teht\u00e4v\u00e4\u00e4 asennusta tai muita lis\u00e4palveluita, joista sovitaan tarvittaessa erikseen. Kyseess\u00e4 on tilaustuote ja lopullinen hinta m\u00e4\u00e4r\u00e4ytyy aina valitun kokoonpanon ja k\u00e4ytt\u00f6tarpeen mukaan. <\/p>\n\n\n\n<p>Tarvitsetko kehitysalustaa projektiisi? Voitte ottaa yhteytt\u00e4 t\u00e4ytt\u00e4m\u00e4ll\u00e4 alla olevan lomakkeen:<\/p>\n\n\n<style id=\"wpforms-css-vars-503-block-1cde542b-a761-443a-9970-6b9da83068fa\">\n\t\t\t\t#wpforms-503.wpforms-block-1cde542b-a761-443a-9970-6b9da83068fa {\n\t\t\t\t--wpforms-field-size-input-height: 43px;\n--wpforms-field-size-input-spacing: 15px;\n--wpforms-field-size-font-size: 16px;\n--wpforms-field-size-line-height: 19px;\n--wpforms-field-size-padding-h: 14px;\n--wpforms-field-size-checkbox-size: 16px;\n--wpforms-field-size-sublabel-spacing: 5px;\n--wpforms-field-size-icon-size: 1;\n--wpforms-label-size-font-size: 16px;\n--wpforms-label-size-line-height: 19px;\n--wpforms-label-size-sublabel-font-size: 14px;\n--wpforms-label-size-sublabel-line-height: 17px;\n--wpforms-button-size-font-size: 17px;\n--wpforms-button-size-height: 41px;\n--wpforms-button-size-padding-h: 15px;\n--wpforms-button-size-margin-top: 10px;\n\t\t\t}\n\t\t\t<\/style><div class=\"wpforms-container wpforms-container-full wpforms-block wpforms-block-1cde542b-a761-443a-9970-6b9da83068fa wpforms-render-modern\" id=\"wpforms-503\"><form id=\"wpforms-form-503\" class=\"wpforms-validate wpforms-form wpforms-ajax-form\" data-formid=\"503\" method=\"post\" enctype=\"multipart\/form-data\" action=\"\/index.php\/wp-json\/wp\/v2\/pages\/498\" data-token=\"cd22c4675f64589a3252b3b5827c8d53\" data-token-time=\"1777582645\"><noscript class=\"wpforms-error-noscript\">Please enable JavaScript in your browser to complete this form.<\/noscript><div id=\"wpforms-error-noscript\" style=\"display: none;\">Please enable JavaScript in your browser to complete this form.<\/div><div class=\"wpforms-field-container\"><div id=\"wpforms-503-field_1-container\" class=\"wpforms-field wpforms-field-name\" data-field-id=\"1\"><label class=\"wpforms-field-label\" for=\"wpforms-503-field_1\">Nimi ja yritys <span class=\"wpforms-required-label\" aria-hidden=\"true\">*<\/span><\/label><input type=\"text\" id=\"wpforms-503-field_1\" class=\"wpforms-field-medium wpforms-field-required\" name=\"wpforms[fields][1]\" aria-errormessage=\"wpforms-503-field_1-error\" required><\/div><div id=\"wpforms-503-field_2-container\" class=\"wpforms-field wpforms-field-email\" data-field-id=\"2\"><label class=\"wpforms-field-label\" for=\"wpforms-503-field_2\">S\u00e4hk\u00f6posti <span class=\"wpforms-required-label\" aria-hidden=\"true\">*<\/span><\/label><input type=\"email\" id=\"wpforms-503-field_2\" class=\"wpforms-field-medium wpforms-field-required\" name=\"wpforms[fields][2]\" spellcheck=\"false\" aria-errormessage=\"wpforms-503-field_2-error\" required><\/div>\t\t<div id=\"wpforms-503-field_3-container\"\n\t\t\tclass=\"wpforms-field wpforms-field-text\"\n\t\t\tdata-field-type=\"text\"\n\t\t\tdata-field-id=\"3\"\n\t\t\t>\n\t\t\t<label class=\"wpforms-field-label\" for=\"wpforms-503-field_3\" >Lis\u00e4tiedot Nimi Kohteen<\/label>\n\t\t\t<input type=\"text\" id=\"wpforms-503-field_3\" class=\"wpforms-field-medium\" name=\"wpforms[fields][3]\" >\n\t\t<\/div>\n\t\t<div id=\"wpforms-503-field_5-container\" class=\"wpforms-field wpforms-field-text\" data-field-id=\"5\"><label class=\"wpforms-field-label\" for=\"wpforms-503-field_5\">Kohteen sijainti (osoite tai paikkakunta) <span class=\"wpforms-required-label\" aria-hidden=\"true\">*<\/span><\/label><input type=\"text\" id=\"wpforms-503-field_5\" class=\"wpforms-field-medium wpforms-field-required\" name=\"wpforms[fields][5]\" aria-errormessage=\"wpforms-503-field_5-error\" required><\/div><div id=\"wpforms-503-field_6-container\" class=\"wpforms-field wpforms-field-radio\" data-field-id=\"6\"><fieldset><legend class=\"wpforms-field-label\">Mit\u00e4 palvelua olette ensisijaisesti hakemassa? <span class=\"wpforms-required-label\" aria-hidden=\"true\">*<\/span><\/legend><ul id=\"wpforms-503-field_6\" class=\"wpforms-field-required\"><li class=\"choice-1 depth-1\"><input type=\"radio\" id=\"wpforms-503-field_6_1\" name=\"wpforms[fields][6]\" value=\"Palvelinkone + ohjelmointi + toimitus osoitteeseen\" aria-errormessage=\"wpforms-503-field_6_1-error\" required ><label class=\"wpforms-field-label-inline\" for=\"wpforms-503-field_6_1\">Palvelinkone + ohjelmointi + toimitus osoitteeseen<\/label><\/li><li class=\"choice-2 depth-1\"><input type=\"radio\" id=\"wpforms-503-field_6_2\" name=\"wpforms[fields][6]\" value=\"Palvelinkone + ohjelmointi + paikan p\u00e4\u00e4ll\u00e4 asennus\" aria-errormessage=\"wpforms-503-field_6_2-error\" required ><label class=\"wpforms-field-label-inline\" for=\"wpforms-503-field_6_2\">Palvelinkone + ohjelmointi + paikan p\u00e4\u00e4ll\u00e4 asennus<\/label><\/li><li class=\"choice-4 depth-1\"><input type=\"radio\" id=\"wpforms-503-field_6_4\" name=\"wpforms[fields][6]\" value=\"Personoitu palvelinratkaisu (tarpeen mukaan)\" aria-errormessage=\"wpforms-503-field_6_4-error\" required ><label class=\"wpforms-field-label-inline\" for=\"wpforms-503-field_6_4\">Personoitu palvelinratkaisu (tarpeen mukaan)<\/label><\/li><li class=\"choice-3 depth-1\"><input type=\"radio\" id=\"wpforms-503-field_6_3\" name=\"wpforms[fields][6]\" value=\"En ole varma \u2013 tarvitsen kartoituksen\" aria-errormessage=\"wpforms-503-field_6_3-error\" required ><label class=\"wpforms-field-label-inline\" for=\"wpforms-503-field_6_3\">En ole varma \u2013 tarvitsen kartoituksen<\/label><\/li><\/ul><\/fieldset><\/div><div id=\"wpforms-503-field_4-container\" class=\"wpforms-field wpforms-field-textarea\" data-field-id=\"4\"><label class=\"wpforms-field-label\" for=\"wpforms-503-field_4\">Lis\u00e4tiedot ja toiveet <span class=\"wpforms-required-label\" aria-hidden=\"true\">*<\/span><\/label><textarea id=\"wpforms-503-field_4\" class=\"wpforms-field-medium wpforms-field-required\" name=\"wpforms[fields][4]\" aria-errormessage=\"wpforms-503-field_4-error\" required><\/textarea><\/div><script>\n\t\t\t\t( function() {\n\t\t\t\t\tconst style = document.createElement( 'style' );\n\t\t\t\t\tstyle.appendChild( document.createTextNode( '#wpforms-503-field_3-container { position: absolute !important; overflow: hidden !important; display: inline !important; height: 1px !important; width: 1px !important; z-index: -1000 !important; padding: 0 !important; } #wpforms-503-field_3-container input { visibility: hidden; } #wpforms-conversational-form-page #wpforms-503-field_3-container label { counter-increment: none; }' ) );\n\t\t\t\t\tdocument.head.appendChild( style );\n\t\t\t\t\tdocument.currentScript?.remove();\n\t\t\t\t} )();\n\t\t\t<\/script><\/div><!-- .wpforms-field-container --><div class=\"wpforms-submit-container\" ><input type=\"hidden\" name=\"wpforms[id]\" value=\"503\"><input type=\"hidden\" name=\"page_title\" value=\"\"><input type=\"hidden\" name=\"page_url\" value=\"https:\/\/shop.konatech.fi\/index.php\/wp-json\/wp\/v2\/pages\/498\"><input type=\"hidden\" name=\"url_referer\" value=\"\"><button type=\"submit\" name=\"wpforms[submit]\" id=\"wpforms-submit-503\" class=\"wpforms-submit\" data-alt-text=\"L\u00e4hetet\u00e4\u00e4n...\" data-submit-text=\"L\u00e4het\u00e4\" aria-live=\"assertive\" value=\"wpforms-submit\">L\u00e4het\u00e4<\/button><img loading=\"lazy\" decoding=\"async\" src=\"https:\/\/shop.konatech.fi\/wp-content\/plugins\/wpforms-lite\/assets\/images\/submit-spin.svg\" class=\"wpforms-submit-spinner\" style=\"display: none;\" width=\"26\" height=\"26\" alt=\"Loading\"><\/div><\/form><\/div>  <!-- .wpforms-container -->","protected":false},"excerpt":{"rendered":"<p>Vaihtoehto pilvipalveluille Tarjoamme tilauksesta kasattavia palvelinratkaisuja ohjelmistoineen pk-yrityksille, jotka haluavat hallita tietonsa omassa ymp\u00e4rist\u00f6ss\u00e4\u00e4n. Tuntuuko silt\u00e4, ett\u00e4 nykyinen webhotelli rajoittaa toimintaa?Hitaat vasteajat, jaettu kuorma ja rajallinen hallinta ovat yleisi\u00e4 ongelmia. Paikallinen palvelinratkaisu voi olla vaihtoehto, kun halutaan parempaa suorituskyky\u00e4 ja luotettavuutta. Webhotellit sitovat usein vuosisopimuksiin ja lisenssimaksuihin.Paikallinen palvelinratkaisu antaa mahdollisuuden hallita kustannuksia ja ymp\u00e4rist\u00f6\u00e4 itse. [&hellip;]<\/p>\n","protected":false},"author":1,"featured_media":0,"parent":0,"menu_order":0,"comment_status":"closed","ping_status":"closed","template":"","meta":{"footnotes":""},"class_list":["post-498","page","type-page","status-publish","hentry"],"blocksy_meta":[],"_links":{"self":[{"href":"https:\/\/shop.konatech.fi\/index.php\/wp-json\/wp\/v2\/pages\/498","targetHints":{"allow":["GET"]}}],"collection":[{"href":"https:\/\/shop.konatech.fi\/index.php\/wp-json\/wp\/v2\/pages"}],"about":[{"href":"https:\/\/shop.konatech.fi\/index.php\/wp-json\/wp\/v2\/types\/page"}],"author":[{"embeddable":true,"href":"https:\/\/shop.konatech.fi\/index.php\/wp-json\/wp\/v2\/users\/1"}],"replies":[{"embeddable":true,"href":"https:\/\/shop.konatech.fi\/index.php\/wp-json\/wp\/v2\/comments?post=498"}],"version-history":[{"count":14,"href":"https:\/\/shop.konatech.fi\/index.php\/wp-json\/wp\/v2\/pages\/498\/revisions"}],"predecessor-version":[{"id":561,"href":"https:\/\/shop.konatech.fi\/index.php\/wp-json\/wp\/v2\/pages\/498\/revisions\/561"}],"wp:attachment":[{"href":"https:\/\/shop.konatech.fi\/index.php\/wp-json\/wp\/v2\/media?parent=498"}],"curies":[{"name":"wp","href":"https:\/\/api.w.org\/{rel}","templated":true}]}}