{"id":63,"date":"2025-05-18T10:55:18","date_gmt":"2025-05-18T07:55:18","guid":{"rendered":"https:\/\/konasshop.com\/?page_id=63"},"modified":"2026-01-11T18:06:10","modified_gmt":"2026-01-11T16:06:10","slug":"kultainfo","status":"publish","type":"page","link":"https:\/\/shop.konatech.fi\/","title":{"rendered":"Shop Konatech"},"content":{"rendered":"\n<h2 class=\"wp-block-heading\"><strong>Tervetuloa Konatechin kauppaan \u2013 Digitaaliset ty\u00f6kalut ja ratkaisut yhdest\u00e4 paikasta<\/strong><\/h2>\n\n\n\n<figure class=\"wp-block-image alignright size-large is-resized\"><img loading=\"lazy\" decoding=\"async\" width=\"1024\" height=\"576\" src=\"http:\/\/konasshop.com\/wp-content\/uploads\/2025\/12\/digital-technology-9964964_1280-1024x576.webp\" alt=\"\" class=\"wp-image-441\" style=\"width:593px;height:auto\" srcset=\"https:\/\/shop.konatech.fi\/wp-content\/uploads\/2025\/12\/digital-technology-9964964_1280-1024x576.webp 1024w, https:\/\/shop.konatech.fi\/wp-content\/uploads\/2025\/12\/digital-technology-9964964_1280-300x169.webp 300w, https:\/\/shop.konatech.fi\/wp-content\/uploads\/2025\/12\/digital-technology-9964964_1280-768x432.webp 768w, https:\/\/shop.konatech.fi\/wp-content\/uploads\/2025\/12\/digital-technology-9964964_1280-600x338.webp 600w, https:\/\/shop.konatech.fi\/wp-content\/uploads\/2025\/12\/digital-technology-9964964_1280.webp 1280w\" sizes=\"auto, (max-width: 1024px) 100vw, 1024px\" \/><\/figure>\n\n\n\n<p>T\u00e4m\u00e4 on Konatech Oy:n uusi digitaalinen kauppa, josta l\u00f6yd\u00e4t laadukkaita ohjelmia, skriptej\u00e4 ja r\u00e4\u00e4t\u00e4l\u00f6ityj\u00e4 koodiratkaisuja yrityksille, kehitt\u00e4jille ja web-rakentajille.<br>Rakennamme k\u00e4yt\u00e4nn\u00f6llisi\u00e4, kevyit\u00e4 ja tehokkaita digituotteita, jotka s\u00e4\u00e4st\u00e4v\u00e4t aikaa ja nostavat ty\u00f6n tehokkuutta. Toteutus siis ilman monimutkaisia lisenssej\u00e4 ja turhia v\u00e4lik\u00e4si\u00e4.<\/p>\n\n\n\n<p>Tarjoamme my\u00f6s palvelintilaa, kehitysymp\u00e4rist\u00f6j\u00e4 ja kustomoituja teknisi\u00e4 palveluja, jotka skaalautuvat juuri sinun tarpeisiisi.<\/p>\n\n\n\n<p><strong>Meill\u00e4 ei asioida bottien kanssa. Kun tarvitset apua, vastassa on ymp\u00e4rist\u00f6n tunteva ihminen<\/strong>.<\/p>\n\n\n\n<h2 class=\"wp-block-heading\"><strong>Digituotteet ja koodi, joka toimii heti<\/strong><\/h2>\n\n\n\n<p>Valikoimastamme l\u00f6yd\u00e4t mm.:<\/p>\n\n\n\n<ul class=\"wp-block-list\">\n<li>Valmiita koodipaloja WordPressiin, WooCommerceen ja r\u00e4\u00e4t\u00e4l\u00f6ityihin projekteihin<\/li>\n\n\n\n<li>Pienet automaatiot ja ty\u00f6kalut kehitt\u00e4jille<\/li>\n\n\n\n<li>Skriptej\u00e4 ja plugin-luonnoksia, joita voit k\u00e4ytt\u00e4\u00e4 vapaasti omissa projekteissasi<\/li>\n\n\n\n<li>Ty\u00f6kaluja ja ratkaisuja, jotka helpottavat pienten yritysten arkea<\/li>\n<\/ul>\n\n\n\n<p>Kaikki tuotteet ovat testattuja, helposti k\u00e4ytt\u00f6\u00f6notettavia ja suunniteltu oikeita tarpeita varten. <\/p>\n\n\n\n<p>Voitte my\u00f6s olla yhteydess\u00e4 ja kysy\u00e4 personoituja ratkaisuja vain teille!<\/p>\n\n\n\n<h2 class=\"wp-block-heading\"><strong>Kehityspalvelin ja palvelintila<\/strong><\/h2>\n\n\n\n<p>Tarjoamme turvallisen ja vakaasti toimivan kehityspalvelimen:<\/p>\n\n\n\n<ul class=\"wp-block-list\">\n<li>20 \u20ac perustuskulut<\/li>\n\n\n\n<li>10 \u20ac \/ viikko k\u00e4ytt\u00f6<\/li>\n\n\n\n<li>1 viikon irtisanomisaika<\/li>\n\n\n\n<li>Moderni palvelinalusta ja AI-valvonta<\/li>\n\n\n\n<li>T\u00e4ydellinen paikka rakentaa tai testata omia verkkosivustoja ja sovelluksia<\/li>\n<\/ul>\n\n\n\n<p>Saat oman k\u00e4ytt\u00f6ymp\u00e4rist\u00f6n, v\u00e4liaikaisen domainin ja t\u00e4yden hallinnan kehitysty\u00f6h\u00f6si.<\/p>\n\n\n\n<h2 class=\"wp-block-heading\"><strong>Tekniset palvelut ja r\u00e4\u00e4t\u00e4l\u00f6inti<\/strong><\/h2>\n\n\n\n<p>Konatech Oy:n taustalla on yli 10 vuoden kokemus web-kehityksest\u00e4, verkkokaupoista ja ohjelmoinnista.<br>Tarjoamme my\u00f6s:<\/p>\n\n\n\n<ul class=\"wp-block-list\">\n<li>R\u00e4\u00e4t\u00e4l\u00f6ity\u00e4 koodikehityst\u00e4<\/li>\n\n\n\n<li>WooCommerce-ratkaisuja<\/li>\n\n\n\n<li>API-integraatioita<\/li>\n\n\n\n<li>Verkkopalveluiden optimointia<\/li>\n\n\n\n<li>Pienten yritysten teknisi\u00e4 palveluita<\/li>\n<\/ul>\n\n\n\n<p>Rakennamme ratkaisut asiakkaan tarpeen mukaan \u2013 kustannustehokkaasti ja selke\u00e4ll\u00e4 hinnoittelulla.<\/p>\n\n\n\n<h2 class=\"wp-block-heading\"><strong>Aloita matkasi kaupassamme<\/strong><\/h2>\n\n\n\n<p>Olitpa sitten yritt\u00e4j\u00e4, web-kehitt\u00e4j\u00e4, uudistamassa verkkosivujasi tai etsim\u00e4ss\u00e4 luotettavaa paikkaa kehitysty\u00f6h\u00f6n, meilt\u00e4 l\u00f6yd\u00e4t oikeat ty\u00f6kalut.<\/p>\n","protected":false},"excerpt":{"rendered":"<p>Tervetuloa Konatechin kauppaan \u2013 Digitaaliset ty\u00f6kalut ja ratkaisut yhdest\u00e4 paikasta T\u00e4m\u00e4 on Konatech Oy:n uusi digitaalinen kauppa, josta l\u00f6yd\u00e4t laadukkaita ohjelmia, skriptej\u00e4 ja r\u00e4\u00e4t\u00e4l\u00f6ityj\u00e4 koodiratkaisuja yrityksille, kehitt\u00e4jille ja web-rakentajille.Rakennamme k\u00e4yt\u00e4nn\u00f6llisi\u00e4, kevyit\u00e4 ja tehokkaita digituotteita, jotka s\u00e4\u00e4st\u00e4v\u00e4t aikaa ja nostavat ty\u00f6n tehokkuutta. Toteutus siis ilman monimutkaisia lisenssej\u00e4 ja turhia v\u00e4lik\u00e4si\u00e4. Tarjoamme my\u00f6s palvelintilaa, kehitysymp\u00e4rist\u00f6j\u00e4 ja kustomoituja [&hellip;]<\/p>\n","protected":false},"author":1,"featured_media":0,"parent":0,"menu_order":0,"comment_status":"closed","ping_status":"closed","template":"","meta":{"footnotes":""},"class_list":["post-63","page","type-page","status-publish","hentry"],"blocksy_meta":[],"_links":{"self":[{"href":"https:\/\/shop.konatech.fi\/index.php\/wp-json\/wp\/v2\/pages\/63","targetHints":{"allow":["GET"]}}],"collection":[{"href":"https:\/\/shop.konatech.fi\/index.php\/wp-json\/wp\/v2\/pages"}],"about":[{"href":"https:\/\/shop.konatech.fi\/index.php\/wp-json\/wp\/v2\/types\/page"}],"author":[{"embeddable":true,"href":"https:\/\/shop.konatech.fi\/index.php\/wp-json\/wp\/v2\/users\/1"}],"replies":[{"embeddable":true,"href":"https:\/\/shop.konatech.fi\/index.php\/wp-json\/wp\/v2\/comments?post=63"}],"version-history":[{"count":31,"href":"https:\/\/shop.konatech.fi\/index.php\/wp-json\/wp\/v2\/pages\/63\/revisions"}],"predecessor-version":[{"id":537,"href":"https:\/\/shop.konatech.fi\/index.php\/wp-json\/wp\/v2\/pages\/63\/revisions\/537"}],"wp:attachment":[{"href":"https:\/\/shop.konatech.fi\/index.php\/wp-json\/wp\/v2\/media?parent=63"}],"curies":[{"name":"wp","href":"https:\/\/api.w.org\/{rel}","templated":true}]}}