{"id":410,"date":"2025-12-08T12:44:19","date_gmt":"2025-12-08T10:44:19","guid":{"rendered":"https:\/\/konasshop.com\/?post_type=product&#038;p=410"},"modified":"2026-02-14T11:02:27","modified_gmt":"2026-02-14T09:02:27","slug":"kehitysalustanavaus","status":"publish","type":"product","link":"https:\/\/shop.konatech.fi\/index.php\/product\/kehitysalustanavaus\/","title":{"rendered":"Kehitysalusta \u2013 avaus + 1 viikko"},"content":{"rendered":"<p data-start=\"1269\" data-end=\"1374\">T\u00e4m\u00e4 tuote sis\u00e4lt\u00e4\u00e4 Konatech Oy:n kehitysalustan k\u00e4ytt\u00f6\u00f6noton sek\u00e4 1 viikon k\u00e4ytt\u00f6ajan.<\/p>\n<p data-start=\"1519\" data-end=\"1664\">Tilausta vastaan saat ohjeet ja yhteystiedot kehitysymp\u00e4rist\u00f6\u00f6n p\u00e4\u00e4semiseksi.<br data-start=\"1596\" data-end=\"1599\" \/>Lis\u00e4viikkoja voi ostaa erillisest\u00e4 \u201cLis\u00e4viikko\u201d -tuotteesta.<\/p>\n<h2 data-start=\"941\" data-end=\"972\"><strong data-start=\"947\" data-end=\"972\">Tekniset ominaisuudet<\/strong><\/h2>\n<ul data-start=\"973\" data-end=\"1207\">\n<li data-start=\"973\" data-end=\"1021\">\n<p data-start=\"975\" data-end=\"1021\"><strong data-start=\"975\" data-end=\"987\">2 Gt RAM<\/strong><\/p>\n<\/li>\n<li data-start=\"1022\" data-end=\"1083\">\n<p data-start=\"1024\" data-end=\"1083\"><strong data-start=\"1024\" data-end=\"1046\">8 Gt SSD-levytilaa<\/strong><\/p>\n<\/li>\n<li data-start=\"1084\" data-end=\"1108\">\n<p data-start=\"1086\" data-end=\"1108\">Nopea NVMe-tallennus<\/p>\n<\/li>\n<li data-start=\"1109\" data-end=\"1170\">\n<p data-start=\"1111\" data-end=\"1170\">Optimoitu PHP-, Node-, Python- ja JavaScript-projekteille<\/p>\n<\/li>\n<li data-start=\"1171\" data-end=\"1207\">\n<p data-start=\"1173\" data-end=\"1207\">Sujuva Git-versionhallinnan k\u00e4ytt\u00f6<\/p>\n<\/li>\n<li data-start=\"1171\" data-end=\"1207\">Ymp\u00e4rist\u00f6 on suunniteltu kehitys- ja testik\u00e4ytt\u00f6\u00f6n. Ei sovellu raskaaseen tuotantoliikenteeseen.<\/li>\n<\/ul>\n<p data-start=\"1209\" data-end=\"1295\"><strong data-start=\"1630\" data-end=\"1652\">K\u00e4ytt\u00f6tarkoitukset<\/strong><\/p>\n<ul data-start=\"1653\" data-end=\"1826\">\n<li data-start=\"1653\" data-end=\"1696\">\n<p data-start=\"1655\" data-end=\"1696\">WordPress-teemojen ja lis\u00e4osien kehitys<\/p>\n<\/li>\n<li data-start=\"1697\" data-end=\"1733\">\n<p data-start=\"1699\" data-end=\"1733\">Frontend- ja backend-ohjelmointi<\/p>\n<\/li>\n<li data-start=\"1734\" data-end=\"1760\">\n<p data-start=\"1736\" data-end=\"1760\">API-kehitys ja testaus<\/p>\n<\/li>\n<li data-start=\"1761\" data-end=\"1790\">\n<p data-start=\"1763\" data-end=\"1790\">Testi- ja staging-ymp\u00e4rist\u00f6t asiakasprojekteihin<\/p>\n<\/li>\n<li data-start=\"1791\" data-end=\"1826\">\n<p data-start=\"1793\" data-end=\"1826\">Pienet ja keskikokoiset web-projektit<\/p>\n<\/li>\n<\/ul>\n<p data-start=\"1828\" data-end=\"1905\">Ei sovellu raskaaseen data-analytiikkaan, peliservereihin tai GPU-laskentaan.<\/p>\n<h2 data-start=\"1912\" data-end=\"1945\"><strong data-start=\"1918\" data-end=\"1945\">K\u00e4ytt\u00f6liittym\u00e4 ja p\u00e4\u00e4sy<\/strong><\/h2>\n<ul data-start=\"1946\" data-end=\"2137\">\n<li data-start=\"1946\" data-end=\"1989\">\n<p data-start=\"1948\" data-end=\"1989\">Henkil\u00f6kohtaiset SFTP\/SSH-tunnukset<\/p>\n<\/li>\n<li data-start=\"1990\" data-end=\"2051\">\n<p data-start=\"1992\" data-end=\"2051\">Oma alidomain esimerkiksi: <em data-start=\"2019\" data-end=\"2049\">projektinimi.konatech.fi<\/em><\/p>\n<\/li>\n<\/ul>\n<h2 data-start=\"2144\" data-end=\"2179\"><strong data-start=\"2150\" data-end=\"2179\">Hinnoittelu ja k\u00e4ytt\u00f6aika<\/strong><\/h2>\n<ul data-start=\"2180\" data-end=\"2459\">\n<li data-start=\"2180\" data-end=\"2204\">\n<p data-start=\"2182\" data-end=\"2204\"><strong data-start=\"2182\" data-end=\"2202\">Avausmaksu: 20 \u20ac sis\u00e4lt\u00e4\u00e4 1 viikon k\u00e4ytt\u00f6ajan\u00a0<\/strong><\/p>\n<\/li>\n<li data-start=\"2205\" data-end=\"2239\">\n<p data-start=\"2207\" data-end=\"2239\"><strong data-start=\"2207\" data-end=\"2237\">Viikkohinta t\u00e4m\u00e4n j\u00e4lkeen: 10 \u20ac \/ viikko<\/strong><\/p>\n<\/li>\n<li data-start=\"2240\" data-end=\"2285\">\n<p data-start=\"2242\" data-end=\"2285\">Voit ostaa lis\u00e4viikkoja Oma tili -sivulle kirjautumisen j\u00e4lkeen<\/p>\n<\/li>\n<li data-start=\"2333\" data-end=\"2394\">\n<p data-start=\"2335\" data-end=\"2394\">Palvelu sulkeutuu, kun k\u00e4ytt\u00f6aika p\u00e4\u00e4ttyy<\/p>\n<\/li>\n<li data-start=\"2395\" data-end=\"2459\">\n<p data-start=\"2397\" data-end=\"2459\">Kehitysymp\u00e4rist\u00f6 voidaan avata uudelleen lis\u00e4viikkojen ostolla<\/p>\n<\/li>\n<\/ul>\n<h2 data-start=\"2466\" data-end=\"2503\"><strong data-start=\"2472\" data-end=\"2503\">Mit\u00e4 saat oston yhteydess\u00e4?<\/strong><\/h2>\n<ul data-start=\"2504\" data-end=\"2704\">\n<li data-start=\"2536\" data-end=\"2577\">\n<p data-start=\"2538\" data-end=\"2577\">Henkil\u00f6kohtaiset kirjautumistunnukset<\/p>\n<\/li>\n<li data-start=\"2578\" data-end=\"2615\">\n<p data-start=\"2580\" data-end=\"2615\">Alidomain kehitysprojektia varten<\/p>\n<\/li>\n<li data-start=\"2616\" data-end=\"2664\">\n<p data-start=\"2618\" data-end=\"2664\">Ymp\u00e4rist\u00f6n yll\u00e4pito ja valvonta<\/p>\n<\/li>\n<li data-start=\"2665\" data-end=\"2704\">\n<p data-start=\"2667\" data-end=\"2704\">Tekninen tuki<\/p>\n<\/li>\n<\/ul>\n<h2 data-start=\"479\" data-end=\"510\">Mit\u00e4 tapahtuu oston j\u00e4lkeen?<\/h2>\n<p data-start=\"512\" data-end=\"553\">Kun tilaus on tehty ja maksu vahvistettu:<\/p>\n<ol data-start=\"555\" data-end=\"734\">\n<li data-start=\"555\" data-end=\"591\">\n<p data-start=\"558\" data-end=\"591\">Konatech Oy tarkistaa tilauksen<\/p>\n<\/li>\n<li data-start=\"592\" data-end=\"658\">\n<p data-start=\"595\" data-end=\"658\">Kehitysalusta luodaan manuaalisesti tilauksen perusteella<\/p>\n<\/li>\n<li data-start=\"659\" data-end=\"734\">\n<p data-start=\"662\" data-end=\"734\">Saat s\u00e4hk\u00f6postitse ohjeet ja tunnukset kehitysymp\u00e4rist\u00f6\u00f6n p\u00e4\u00e4semiseksi<\/p>\n<\/li>\n<\/ol>\n<p data-start=\"736\" data-end=\"827\">Kehitysalustan k\u00e4ytt\u00f6\u00f6notto tapahtuu tyypillisesti 1\u20132 arkip\u00e4iv\u00e4n kuluessa tilauksesta.<\/p>\n<h2 data-start=\"2711\" data-end=\"2733\"><strong data-start=\"2717\" data-end=\"2733\">Huomioitavaa<\/strong><\/h2>\n<ul>\n<li><strong data-start=\"668\" data-end=\"703\">Olemassa olevan sivuston k\u00e4ytt\u00f6:<\/strong><br data-start=\"703\" data-end=\"706\" \/>Mik\u00e4li asiakkaalla on jo olemassa kehitysty\u00f6t\u00e4 vaativa sivusto, vastaa asiakas itse sivuston kopioinnista ja siirt\u00e4misest\u00e4 kehitysalustalle.<br data-start=\"848\" data-end=\"851\" \/>Konatech Oy tarjoaa tarvittaessa apua sivuston kopiointiin ja siirtoon erillisen\u00e4 palveluna, jonka voi ostaa t\u00e4\u00e4lt\u00e4 verkkokaupasta. Digituotteen nimi on &#8221;Sivuston siirtopalvelu kehitysalustalle&#8221; ja hinta 80 \u20ac.<br data-start=\"974\" data-end=\"977\" \/>N\u00e4iss\u00e4 tapauksissa pyyd\u00e4mme ottamaan yhteytt\u00e4 etuk\u00e4teen s\u00e4hk\u00f6postitse: <a class=\"decorated-link cursor-pointer\" rel=\"noopener\" data-start=\"1050\" data-end=\"1066\">info@konatech.fi<\/a>.<\/li>\n<li data-start=\"2734\" data-end=\"2809\">\n<p data-start=\"2736\" data-end=\"2809\">Ymp\u00e4rist\u00f6 on tarkoitettu kehitykselle, ei julkiseksi tuotantopalveluksi<\/p>\n<\/li>\n<li data-start=\"2734\" data-end=\"2809\">\n<p data-start=\"2736\" data-end=\"2809\">Kehitysalusta avataan vain maksettua tilausta vastaan<\/p>\n<\/li>\n<li data-start=\"2734\" data-end=\"2809\">\n<p data-start=\"2736\" data-end=\"2809\">Palvelun toimitus ei ole v\u00e4lit\u00f6n, vaan tapahtuu manuaalisesti<\/p>\n<\/li>\n<li data-start=\"2734\" data-end=\"2809\">\n<p data-start=\"2736\" data-end=\"2809\">Lis\u00e4viikot aktivoidaan automaattisesti olemassa olevaan kehitysalustaan<\/p>\n<\/li>\n<li data-start=\"2734\" data-end=\"2809\">\n<p data-start=\"2736\" data-end=\"2809\">Kehitysalusta sulkeutuu, jos k\u00e4ytt\u00f6aika p\u00e4\u00e4ttyy eik\u00e4 lis\u00e4viikkoja ole ostettu<\/p>\n<\/li>\n<li data-start=\"2810\" data-end=\"2869\">\n<p data-start=\"2812\" data-end=\"2869\">Serverin raskaiden resurssien v\u00e4\u00e4rink\u00e4ytt\u00f6 on kielletty<\/p>\n<\/li>\n<li data-start=\"2870\" data-end=\"2936\">\n<p data-start=\"2872\" data-end=\"2936\">Asiakas vastaa omista projektitiedostoistaan ja varmuuskopioista<\/p>\n<\/li>\n<li data-start=\"2870\" data-end=\"2936\">Asiakas vakuuttaa omistavansa tai hallitsevansa kehitysymp\u00e4rist\u00f6\u00f6n siirrett\u00e4v\u00e4t tiedostot ja k\u00e4ytt\u00f6oikeudet. Konatech Oy ei ota vastuuta kolmansien osapuolien lisensoiduista sis\u00e4ll\u00f6ist\u00e4 tai ulkopuolisista tekij\u00e4noikeuksista.<\/li>\n<\/ul>\n<p>&nbsp;<\/p>\n<ul>\n<li data-start=\"2870\" data-end=\"2936\">Mahdollisissa erityistoiveissa tai kysymyksiss\u00e4 voit olla yhteydess\u00e4 s\u00e4hk\u00f6postilla asiakaspalveluun:<br \/>\n<strong data-start=\"1226\" data-end=\"1246\"><a class=\"decorated-link cursor-pointer\" rel=\"noopener\" data-start=\"1228\" data-end=\"1244\">info@konatech.fi<\/a><\/strong><\/li>\n<\/ul>\n","protected":false},"excerpt":{"rendered":"<p data-start=\"500\" data-end=\"750\"><strong data-start=\"500\" data-end=\"555\">Kevyt kehitysalusta web-kehitykseen ja testaukseen.<\/strong><br data-start=\"555\" data-end=\"558\" \/>Saat k\u00e4ytt\u00f6\u00f6si oman WordPress-pohjaisen kehitysymp\u00e4rist\u00f6n alidomainilla (PHP + MySQL), joka soveltuu WordPress-projektien sek\u00e4 muiden PHP-pohjaisten web-ratkaisujen kehitt\u00e4miseen ja kokeiluun.<\/p>\n<p data-start=\"752\" data-end=\"865\">Pakettiin sis\u00e4ltyy 2 Gt RAM, 8 Gt SSD-levytila ja SFTP-yhteys.<br data-start=\"814\" data-end=\"817\" \/>Alusta on tarkoitettu kehitys- ja testik\u00e4ytt\u00f6\u00f6n.<\/p>\n<p data-start=\"867\" data-end=\"974\">K\u00e4ytt\u00f6\u00f6notto manuaalisesti 1\u20132 arkip\u00e4iv\u00e4ss\u00e4.<br data-start=\"911\" data-end=\"914\" \/>Hinta:\u00a0avaus + 1 viikko 20 \u20ac, jatkoviikot 10 \u20ac \/ viikko.<\/p>\n","protected":false},"featured_media":439,"comment_status":"open","ping_status":"closed","template":"","meta":[],"product_brand":[],"product_cat":[18],"product_tag":[],"class_list":{"0":"post-410","1":"product","2":"type-product","3":"status-publish","4":"has-post-thumbnail","6":"product_cat-uncategorized","8":"first","9":"instock","10":"virtual","11":"taxable","12":"purchasable","13":"product-type-simple"},"_links":{"self":[{"href":"https:\/\/shop.konatech.fi\/index.php\/wp-json\/wp\/v2\/product\/410","targetHints":{"allow":["GET"]}}],"collection":[{"href":"https:\/\/shop.konatech.fi\/index.php\/wp-json\/wp\/v2\/product"}],"about":[{"href":"https:\/\/shop.konatech.fi\/index.php\/wp-json\/wp\/v2\/types\/product"}],"replies":[{"embeddable":true,"href":"https:\/\/shop.konatech.fi\/index.php\/wp-json\/wp\/v2\/comments?post=410"}],"wp:featuredmedia":[{"embeddable":true,"href":"https:\/\/shop.konatech.fi\/index.php\/wp-json\/wp\/v2\/media\/439"}],"wp:attachment":[{"href":"https:\/\/shop.konatech.fi\/index.php\/wp-json\/wp\/v2\/media?parent=410"}],"wp:term":[{"taxonomy":"product_brand","embeddable":true,"href":"https:\/\/shop.konatech.fi\/index.php\/wp-json\/wp\/v2\/product_brand?post=410"},{"taxonomy":"product_cat","embeddable":true,"href":"https:\/\/shop.konatech.fi\/index.php\/wp-json\/wp\/v2\/product_cat?post=410"},{"taxonomy":"product_tag","embeddable":true,"href":"https:\/\/shop.konatech.fi\/index.php\/wp-json\/wp\/v2\/product_tag?post=410"}],"curies":[{"name":"wp","href":"https:\/\/api.w.org\/{rel}","templated":true}]}}